{"id":95,"date":"2025-10-30T15:00:01","date_gmt":"2025-10-30T15:00:01","guid":{"rendered":"https:\/\/morencoll.es\/?page_id=95"},"modified":"2025-10-30T15:01:26","modified_gmt":"2025-10-30T15:01:26","slug":"accesibilidad","status":"publish","type":"page","link":"https:\/\/morencoll.es\/en\/accesibilidad\/","title":{"rendered":"Accesibilidad"},"content":{"rendered":"<p>[et_pb_section fb_built=\u00bb1&#8243; _builder_version=\u00bb4.27.4&#8243; _module_preset=\u00bbdefault\u00bb background_color=\u00bb#FFFFFF\u00bb global_colors_info=\u00bb{}\u00bb][et_pb_row _builder_version=\u00bb4.23.1&#8243; _module_preset=\u00bbdefault\u00bb global_colors_info=\u00bb{}\u00bb][et_pb_column type=\u00bb4_4&#8243; _builder_version=\u00bb4.23.1&#8243; _module_preset=\u00bbdefault\u00bb global_colors_info=\u00bb{}\u00bb][et_pb_text _builder_version=\u00bb4.27.4&#8243; _module_preset=\u00bbdefault\u00bb text_font=\u00bbAbhaya Libre||||||||\u00bb header_text_align=\u00bbcenter\u00bb header_text_color=\u00bb#000000&#8243; header_font_size=\u00bb2.5em\u00bb global_colors_info=\u00bb{}\u00bb]<\/p>\n<h1><strong>ACCESIBILIDAD<\/strong><\/h1>\n<p>[\/et_pb_text][\/et_pb_column][\/et_pb_row][\/et_pb_section][et_pb_section fb_built=\u00bb1&#8243; _builder_version=\u00bb4.23.1&#8243; _module_preset=\u00bbdefault\u00bb global_colors_info=\u00bb{}\u00bb][et_pb_row _builder_version=\u00bb4.22.2&#8243; _module_preset=\u00bbdefault\u00bb global_colors_info=\u00bb{}\u00bb][et_pb_column type=\u00bb4_4&#8243; _builder_version=\u00bb4.22.2&#8243; _module_preset=\u00bbdefault\u00bb global_colors_info=\u00bb{}\u00bb][et_pb_text _builder_version=\u00bb4.27.4&#8243; _module_preset=\u00bbdefault\u00bb text_font_size=\u00bb17px\u00bb global_colors_info=\u00bb{}\u00bb]<\/p>\n<div id=\"contenido\">\n<h1>Declaraci\u00f3n de Accesibilidad<\/h1>\n<p><span id=\"url-display\">www.morencoll.es<\/span><\/p>\n<h2>Situaci\u00f3n de cumplimiento<\/h2>\n<p><span id=\"org-display\">Morencoll<\/span> (en adelante, tambi\u00e9n Sitio Web) es parcialmente conforme con el Real<br \/>\n            Decreto 1112\/2018, de 7 de septiembre, debido a la falta de conformidad de los aspectos que se indican a<br \/>\n            continuaci\u00f3n.<\/p>\n<h2>Contenido no accesible<\/h2>\n<p>El contenido que se recoge a continuaci\u00f3n no es accesible por los siguientes motivos:<\/p>\n<ul>\n<li><strong>Falta de conformidad con el RD 1112\/2018:<\/strong> No aplica. Cumple el 100% de los criterios de<br \/>\n                accesibilidad web.<\/li>\n<li><strong>Carga desproporcionada:<\/strong> No aplica.<\/li>\n<li><strong>Contenido no entra dentro del \u00e1mbito de la legislaci\u00f3n aplicable:<\/strong>\n<ul>\n<li>Pueden existir archivos de ofim\u00e1tica en PDF y otros formatos publicados antes del 20 de<br \/>\n                        septiembre de 2018 que no cumplan en su totalidad todos los requisitos de accesibilidad. Aunque<br \/>\n                        se ha procurado que la mayor\u00eda de ellos s\u00ed lo cumplan.<\/li>\n<li>Puede haber contenidos de terceros que no est\u00e9n desarrollados en esta Unidad ni bajo su control<br \/>\n                        como im\u00e1genes, mapas interactivos, videos, documentos, reproductores, etc.<\/li>\n<li>Pueden existir archivos pregrabados publicados antes del 20 de septiembre de 2018 que no cumplan<br \/>\n                        en su totalidad todos los requisitos de accesibilidad.<\/li>\n<li>Partes o la totalidad del sitio web puede estar creado con un CMS (WordPress, Shopify,<br \/>\n                        PrestaShop, etc), por lo que debido a alguna actualizaci\u00f3n o cambio en los sistemas, puede que<br \/>\n                        no todo el contenido generado o autogenerado cumpla con todas las normativas de accesibilidad.\n                    <\/li>\n<\/ul>\n<\/li>\n<\/ul>\n<h2>Preparaci\u00f3n de la presente declaraci\u00f3n de accesibilidad<\/h2>\n<p>La presente declaraci\u00f3n fue preparada el d\u00eda <span class=\"fecha-display\">13\/11\/2024<\/span><\/p>\n<p>El m\u00e9todo empleado para preparar la declaraci\u00f3n ha sido una autoevaluaci\u00f3n llevada a cabo por la propia<br \/>\n            empresa.<\/p>\n<p>\u00daltima revisi\u00f3n de la declaraci\u00f3n: <span class=\"fecha-display\">13\/11\/2024<\/span><\/p>\n<h2>Observaciones y datos de contacto<\/h2>\n<p>Puede realizar comunicaciones sobre requisitos de accesibilidad (art\u00edculo 10.2.a del Real Decreto 1112\/2018,<br \/>\n            de 7 de septiembre) como, por ejemplo:<\/p>\n<ul>\n<li>Informar sobre cualquier posible incumplimiento por parte de este sitio web.<\/li>\n<li>Transmitir otras dificultades de acceso al contenido.<\/li>\n<li>Formular cualquier otra consulta o sugerencia de mejora relativa a la accesibilidad del sitio web.<\/li>\n<\/ul>\n<p>A trav\u00e9s de las siguientes v\u00edas:<\/p>\n<ul>\n<li>Correo electr\u00f3nico: <a id=\"mailto\" href=\"mailto:persianasytoldosmorencoll@hotmail.com\"><span id=\"email-display\">persianasytoldosmorencoll@hotmail.com<\/span><\/a><\/li>\n<li>Tel\u00e9fono: <span id=\"tel-display\">968840434<\/span><\/li>\n<\/ul>\n<p>Acorde al art\u00edculo 10.2.b del RD 1112\/2018, tambi\u00e9n puedes presentar:<\/p>\n<ul>\n<li>Una queja relativa al cumplimiento de los requisitos del RD 1112\/2018.<\/li>\n<li>Una solicitud de informaci\u00f3n accesible relativa a:\n<ul>\n<li>Contenidos que est\u00e1n excluidos del \u00e1mbito de aplicaci\u00f3n del RD 1112\/2018 seg\u00fan lo establecido<br \/>\n                        por el art\u00edculo 3, apartado 4.<\/li>\n<li>Contenidos que est\u00e1n exentos del cumplimiento de los requisitos de accesibilidad por imponer una<br \/>\n                        carga desproporcionada.<\/li>\n<\/ul>\n<\/li>\n<\/ul>\n<p>En la Solicitud de informaci\u00f3n accesible, se debe concretar, con toda claridad, los hechos, razones y<br \/>\n            petici\u00f3n que permitan constatar que se trata de una solicitud razonable y leg\u00edtima.<\/p>\n<p>Las comunicaciones ser\u00e1n recibidas y tratadas por la direcci\u00f3n de la empresa, como unidad responsable de los<br \/>\n            contenidos de este sitio web.<\/p>\n<h2>Contenido opcional<\/h2>\n<p>La versi\u00f3n actualmente visible de este sitio web es del d\u00eda <span class=\"fecha-display\">13\/11\/2024<\/span> y en esa<br \/>\n            fecha se hizo la revisi\u00f3n del nivel de accesibilidad vigente en aquel momento.<\/p>\n<p>A partir de dicha fecha se llevan a cabo revisiones parciales diarias del contenido web nuevo o modificado,<br \/>\n            tanto de las plantillas como de las p\u00e1ginas y documentos finales publicados, a fin de asegurar el<br \/>\n            cumplimiento de los requerimientos de accesibilidad de la Norma UNE-EN 301549:2022, considerando las<br \/>\n            excepciones del Real Decreto 1112\/2018, de 7 de septiembre.<\/p>\n<p>Entre otras se adoptan las siguientes medidas para facilitar la accesibilidad:<\/p>\n<ul>\n<li>Utilizaci\u00f3n de texto alternativo en las im\u00e1genes.<\/li>\n<li>Los enlaces ofrecen detalles de la funci\u00f3n o destino del hiperv\u00ednculo.<\/li>\n<li>Uso de los est\u00e1ndares del W3C: XHTML 1.0, CSS 3.0, WAI AA.<\/li>\n<\/ul>\n<h2>Compatibilidad<\/h2>\n<p>El sitio web:<\/p>\n<ul>\n<li>se ha dise\u00f1ado adapt\u00e1ndose a los est\u00e1ndares y normativas vigentes en relaci\u00f3n a la accesibilidad,<br \/>\n                cumpliendo con los puntos de verificaci\u00f3n de prioridad 2 (AA) definidos en la especificaci\u00f3n de Pautas<br \/>\n                de Accesibilidad al Contenido en la Web (WCAG 2.1)<\/li>\n<li>est\u00e1 optimizado para las \u00faltimas versiones vigentes de Chrome, Edge, Firefox, Safari y Opera<\/li>\n<li>est\u00e1 dise\u00f1ado para su correcta visualizaci\u00f3n en cualquier resoluci\u00f3n y dispositivo de escritorio,<br \/>\n                tabletas o m\u00f3viles (dise\u00f1o responsive)<\/li>\n<li>se ha realizado utilizando HTML5 como lenguaje de marcado y hojas de estilo CSS 3 para su dise\u00f1o.<\/li>\n<\/ul>\n<p>Adem\u00e1s, se realiza un trabajo continuo de auditor\u00eda y revisi\u00f3n de contenidos para facilitar su interpretaci\u00f3n<br \/>\n            y mejorar la navegaci\u00f3n por el portal web.<\/p>\n<\/p><\/div>\n<p>[\/et_pb_text][\/et_pb_column][\/et_pb_row][\/et_pb_section]<\/p>","protected":false},"excerpt":{"rendered":"<p>ACCESIBILIDAD Declaraci\u00f3n de Accesibilidad www.morencoll.es Situaci\u00f3n de cumplimiento Morencoll (en adelante, tambi\u00e9n Sitio Web) es parcialmente conforme con el Real Decreto 1112\/2018, de 7 de septiembre, debido a la falta de conformidad de los aspectos que se indican a continuaci\u00f3n. Contenido no accesible El contenido que se recoge a continuaci\u00f3n no es accesible por los [&hellip;]<\/p>","protected":false},"author":1,"featured_media":0,"parent":0,"menu_order":0,"comment_status":"closed","ping_status":"closed","template":"","meta":{"_et_pb_use_builder":"on","_et_pb_old_content":"","_et_gb_content_width":"","footnotes":""},"class_list":["post-95","page","type-page","status-publish","hentry"],"yoast_head":"<!-- This site is optimized with the Yoast SEO plugin v26.2 - https:\/\/yoast.com\/wordpress\/plugins\/seo\/ -->\n<title>Accesibilidad - Morencoll<\/title>\n<meta name=\"robots\" content=\"index, follow, max-snippet:-1, max-image-preview:large, max-video-preview:-1\" \/>\n<link rel=\"canonical\" href=\"https:\/\/morencoll.es\/en\/accesibilidad\/\" \/>\n<meta property=\"og:locale\" content=\"en_US\" \/>\n<meta property=\"og:type\" content=\"article\" \/>\n<meta property=\"og:title\" content=\"Accesibilidad - Morencoll\" \/>\n<meta property=\"og:description\" content=\"ACCESIBILIDAD Declaraci\u00f3n de Accesibilidad www.morencoll.es Situaci\u00f3n de cumplimiento Morencoll (en adelante, tambi\u00e9n Sitio Web) es parcialmente conforme con el Real Decreto 1112\/2018, de 7 de septiembre, debido a la falta de conformidad de los aspectos que se indican a continuaci\u00f3n. Contenido no accesible El contenido que se recoge a continuaci\u00f3n no es accesible por los [&hellip;]\" \/>\n<meta property=\"og:url\" content=\"https:\/\/morencoll.es\/en\/accesibilidad\/\" \/>\n<meta property=\"og:site_name\" content=\"Morencoll\" \/>\n<meta property=\"article:modified_time\" content=\"2025-10-30T15:01:26+00:00\" \/>\n<meta name=\"twitter:card\" content=\"summary_large_image\" \/>\n<script type=\"application\/ld+json\" class=\"yoast-schema-graph\">{\"@context\":\"https:\/\/schema.org\",\"@graph\":[{\"@type\":\"WebPage\",\"@id\":\"https:\/\/morencoll.es\/accesibilidad\/\",\"url\":\"https:\/\/morencoll.es\/accesibilidad\/\",\"name\":\"Accesibilidad - Morencoll\",\"isPartOf\":{\"@id\":\"https:\/\/morencoll.es\/#website\"},\"datePublished\":\"2025-10-30T15:00:01+00:00\",\"dateModified\":\"2025-10-30T15:01:26+00:00\",\"breadcrumb\":{\"@id\":\"https:\/\/morencoll.es\/accesibilidad\/#breadcrumb\"},\"inLanguage\":\"en-US\",\"potentialAction\":[{\"@type\":\"ReadAction\",\"target\":[\"https:\/\/morencoll.es\/accesibilidad\/\"]}]},{\"@type\":\"BreadcrumbList\",\"@id\":\"https:\/\/morencoll.es\/accesibilidad\/#breadcrumb\",\"itemListElement\":[{\"@type\":\"ListItem\",\"position\":1,\"name\":\"Portada\",\"item\":\"https:\/\/morencoll.es\/\"},{\"@type\":\"ListItem\",\"position\":2,\"name\":\"Accesibilidad\"}]},{\"@type\":\"WebSite\",\"@id\":\"https:\/\/morencoll.es\/#website\",\"url\":\"https:\/\/morencoll.es\/\",\"name\":\"Morencoll\",\"description\":\"Toldos y persianas\",\"potentialAction\":[{\"@type\":\"SearchAction\",\"target\":{\"@type\":\"EntryPoint\",\"urlTemplate\":\"https:\/\/morencoll.es\/?s={search_term_string}\"},\"query-input\":{\"@type\":\"PropertyValueSpecification\",\"valueRequired\":true,\"valueName\":\"search_term_string\"}}],\"inLanguage\":\"en-US\"}]}<\/script>\n<!-- \/ Yoast SEO plugin. -->","yoast_head_json":{"title":"Accesibilidad - Morencoll","robots":{"index":"index","follow":"follow","max-snippet":"max-snippet:-1","max-image-preview":"max-image-preview:large","max-video-preview":"max-video-preview:-1"},"canonical":"https:\/\/morencoll.es\/en\/accesibilidad\/","og_locale":"en_US","og_type":"article","og_title":"Accesibilidad - Morencoll","og_description":"ACCESIBILIDAD Declaraci\u00f3n de Accesibilidad www.morencoll.es Situaci\u00f3n de cumplimiento Morencoll (en adelante, tambi\u00e9n Sitio Web) es parcialmente conforme con el Real Decreto 1112\/2018, de 7 de septiembre, debido a la falta de conformidad de los aspectos que se indican a continuaci\u00f3n. Contenido no accesible El contenido que se recoge a continuaci\u00f3n no es accesible por los [&hellip;]","og_url":"https:\/\/morencoll.es\/en\/accesibilidad\/","og_site_name":"Morencoll","article_modified_time":"2025-10-30T15:01:26+00:00","twitter_card":"summary_large_image","schema":{"@context":"https:\/\/schema.org","@graph":[{"@type":"WebPage","@id":"https:\/\/morencoll.es\/accesibilidad\/","url":"https:\/\/morencoll.es\/accesibilidad\/","name":"Accesibilidad - Morencoll","isPartOf":{"@id":"https:\/\/morencoll.es\/#website"},"datePublished":"2025-10-30T15:00:01+00:00","dateModified":"2025-10-30T15:01:26+00:00","breadcrumb":{"@id":"https:\/\/morencoll.es\/accesibilidad\/#breadcrumb"},"inLanguage":"en-US","potentialAction":[{"@type":"ReadAction","target":["https:\/\/morencoll.es\/accesibilidad\/"]}]},{"@type":"BreadcrumbList","@id":"https:\/\/morencoll.es\/accesibilidad\/#breadcrumb","itemListElement":[{"@type":"ListItem","position":1,"name":"Portada","item":"https:\/\/morencoll.es\/"},{"@type":"ListItem","position":2,"name":"Accesibilidad"}]},{"@type":"WebSite","@id":"https:\/\/morencoll.es\/#website","url":"https:\/\/morencoll.es\/","name":"Morencoll","description":"Toldos y persianas","potentialAction":[{"@type":"SearchAction","target":{"@type":"EntryPoint","urlTemplate":"https:\/\/morencoll.es\/?s={search_term_string}"},"query-input":{"@type":"PropertyValueSpecification","valueRequired":true,"valueName":"search_term_string"}}],"inLanguage":"en-US"}]}},"_links":{"self":[{"href":"https:\/\/morencoll.es\/en\/wp-json\/wp\/v2\/pages\/95","targetHints":{"allow":["GET"]}}],"collection":[{"href":"https:\/\/morencoll.es\/en\/wp-json\/wp\/v2\/pages"}],"about":[{"href":"https:\/\/morencoll.es\/en\/wp-json\/wp\/v2\/types\/page"}],"author":[{"embeddable":true,"href":"https:\/\/morencoll.es\/en\/wp-json\/wp\/v2\/users\/1"}],"replies":[{"embeddable":true,"href":"https:\/\/morencoll.es\/en\/wp-json\/wp\/v2\/comments?post=95"}],"version-history":[{"count":4,"href":"https:\/\/morencoll.es\/en\/wp-json\/wp\/v2\/pages\/95\/revisions"}],"predecessor-version":[{"id":100,"href":"https:\/\/morencoll.es\/en\/wp-json\/wp\/v2\/pages\/95\/revisions\/100"}],"wp:attachment":[{"href":"https:\/\/morencoll.es\/en\/wp-json\/wp\/v2\/media?parent=95"}],"curies":[{"name":"wp","href":"https:\/\/api.w.org\/{rel}","templated":true}]}}