{"id":9,"date":"2025-10-20T15:04:59","date_gmt":"2025-10-20T15:04:59","guid":{"rendered":"https:\/\/morencoll.es\/?page_id=9"},"modified":"2025-11-03T16:37:19","modified_gmt":"2025-11-03T16:37:19","slug":"inicio","status":"publish","type":"page","link":"https:\/\/morencoll.es\/en\/","title":{"rendered":"Home"},"content":{"rendered":"<p>[et_pb_section fb_built=\u00bb1&#8243; custom_padding_last_edited=\u00bbon|phone\u00bb admin_label=\u00bbHeader\u00bb _builder_version=\u00bb4.27.4&#8243; _module_preset=\u00bb9a2b5b8f-4b07-465a-8743-44b6eac539cc\u00bb background_enable_color=\u00bboff\u00bb background_color_gradient_stops=\u00bb#ffffff 0%|rgba(0,0,0,0.3) 100%\u00bb background_image=\u00bbhttps:\/\/morencoll.es\/wp-content\/uploads\/2025\/10\/foto-portada-toldo-scaled.webp\u00bb custom_padding=\u00bb10vw||10vw||true|false\u00bb custom_padding_tablet=\u00bb20vw||0px||false|false\u00bb custom_padding_phone=\u00bb20vw||0px||false|false\u00bb locked=\u00bboff\u00bb global_colors_info=\u00bb{}\u00bb][et_pb_row _builder_version=\u00bb4.25.2&#8243; _module_preset=\u00bb83f2322c-0cb4-4a36-9118-af6534e3d939&#8243; global_colors_info=\u00bb{}\u00bb][et_pb_column type=\u00bb4_4&#8243; _builder_version=\u00bb4.25.2&#8243; _module_preset=\u00bbdefault\u00bb global_colors_info=\u00bb{}\u00bb][et_pb_heading title=\u00bbMorencoll\u00bb _builder_version=\u00bb4.27.4&#8243; _module_preset=\u00bbd8ada431-0839-4427-8dab-6f408600c56b\u00bb title_font=\u00bbAbril Fatface|||on|||||\u00bb title_text_align=\u00bbcenter\u00bb title_text_color=\u00bb#FFFFFF\u00bb title_font_size=\u00bb20px\u00bb global_colors_info=\u00bb{}\u00bb][\/et_pb_heading][et_pb_heading title=\u00bbToldos y persianas en Murcia\u00bb _builder_version=\u00bb4.27.4&#8243; _module_preset=\u00bbd5eda78a-5b53-4d75-8246-65c259e95ede\u00bb title_font=\u00bbAbril Fatface|||on|||||\u00bb title_text_align=\u00bbcenter\u00bb title_text_color=\u00bb#FFFFFF\u00bb title_font_size=\u00bb90px\u00bb max_width=\u00bb1080px\u00bb module_alignment=\u00bbcenter\u00bb global_colors_info=\u00bb{}\u00bb][\/et_pb_heading][\/et_pb_column][\/et_pb_row][\/et_pb_section][et_pb_section fb_built=\u00bb1&#8243; admin_label=\u00bbCategories\u00bb _builder_version=\u00bb4.25.2&#8243; _module_preset=\u00bbdefault\u00bb custom_padding=\u00bb0px|0px|0px|0px|true|true\u00bb locked=\u00bboff\u00bb global_colors_info=\u00bb{}\u00bb][et_pb_row _builder_version=\u00bb4.27.4&#8243; _module_preset=\u00bb83f2322c-0cb4-4a36-9118-af6534e3d939&#8243; width=\u00bb100%\u00bb max_width=\u00bb70%\u00bb locked=\u00bboff\u00bb global_colors_info=\u00bb{}\u00bb][et_pb_column type=\u00bb4_4&#8243; _builder_version=\u00bb4.25.2&#8243; _module_preset=\u00bbdefault\u00bb global_colors_info=\u00bb{}\u00bb][et_pb_heading title=\u00bbServicios destacados\u00bb _builder_version=\u00bb4.27.4&#8243; _module_preset=\u00bb8deef147-0ff9-4278-aaed-ab7a8c6f2a98&#8243; title_font=\u00bbAbril Fatface||||||||\u00bb locked=\u00bboff\u00bb global_colors_info=\u00bb{}\u00bb][\/et_pb_heading][\/et_pb_column][\/et_pb_row][et_pb_row column_structure=\u00bb1_3,1_3,1_3&#8243; make_equal=\u00bbon\u00bb _builder_version=\u00bb4.27.4&#8243; _module_preset=\u00bbdefault\u00bb width=\u00bb100%\u00bb max_width=\u00bb70%\u00bb global_colors_info=\u00bb{}\u00bb][et_pb_column type=\u00bb1_3&#8243; _builder_version=\u00bb4.27.4&#8243; _module_preset=\u00bbdefault\u00bb global_colors_info=\u00bb{}\u00bb][et_pb_text _builder_version=\u00bb4.27.4&#8243; _module_preset=\u00bbdefault\u00bb text_font=\u00bbArimo||||||||\u00bb text_font_size=\u00bb16px\u00bb text_letter_spacing=\u00bb1px\u00bb header_2_font=\u00bbAbhaya Libre||||||||\u00bb header_3_font=\u00bbAbhaya Libre||||||||\u00bb header_3_font_size=\u00bb25px\u00bb header_4_font=\u00bbAbhaya Libre||||||||\u00bb header_4_font_size=\u00bb22px\u00bb background_color=\u00bbrgba(244,244,244,0.81)\u00bb min_height=\u00bb23em\u00bb height=\u00bb23em\u00bb max_height=\u00bb23em\u00bb custom_padding=\u00bb24px|24px|24px|24px|true|true\u00bb border_radii=\u00bbon|12px|12px|12px|12px\u00bb global_colors_info=\u00bb{}\u00bb transform_styles__hover_enabled=\u00bbon|hover\u00bb transform_scale__hover_enabled=\u00bbon|hover\u00bb transform_translate__hover_enabled=\u00bbon|desktop\u00bb transform_rotate__hover_enabled=\u00bbon|desktop\u00bb transform_skew__hover_enabled=\u00bbon|desktop\u00bb transform_origin__hover_enabled=\u00bbon|desktop\u00bb transform_scale__hover=\u00bb104%|104%\u00bb]<\/p>\n<h3>01.<\/h3>\n<h4>Custom Awning Manufacturing and Installation<\/h4>\n<p>From manufacturing to installation, we offer awning solutions perfectly tailored to your terrace, balcony, patio, or business. We use high-quality fabrics from suppliers like Citel, Recasens, and Copentek, available in a wide variety of colors and styles. Your awning not only protects you from the sun and rain but also enhances your outdoor space.<\/p>\n<p>[\/et_pb_text][\/et_pb_column][et_pb_column type=\u00bb1_3&#8243; _builder_version=\u00bb4.27.4&#8243; _module_preset=\u00bbdefault\u00bb global_colors_info=\u00bb{}\u00bb][et_pb_text _builder_version=\u00bb4.27.4&#8243; _module_preset=\u00bbdefault\u00bb text_font=\u00bbArimo||||||||\u00bb text_font_size=\u00bb16px\u00bb text_letter_spacing=\u00bb1px\u00bb header_2_font=\u00bbAbhaya Libre||||||||\u00bb header_3_font=\u00bbAbhaya Libre||||||||\u00bb header_3_font_size=\u00bb25px\u00bb header_4_font=\u00bbAbhaya Libre||||||||\u00bb header_4_font_size=\u00bb22px\u00bb background_color=\u00bbrgba(244,244,244,0.81)\u00bb min_height=\u00bb23em\u00bb height=\u00bb19em\u00bb max_height=\u00bb23em\u00bb custom_padding=\u00bb24px|24px|24px|24px|true|true\u00bb border_radii=\u00bbon|12px|12px|12px|12px\u00bb global_colors_info=\u00bb{}\u00bb transform_styles__hover_enabled=\u00bbon|hover\u00bb transform_scale__hover_enabled=\u00bbon|hover\u00bb transform_translate__hover_enabled=\u00bbon|desktop\u00bb transform_rotate__hover_enabled=\u00bbon|desktop\u00bb transform_skew__hover_enabled=\u00bbon|desktop\u00bb transform_origin__hover_enabled=\u00bbon|desktop\u00bb transform_scale__hover=\u00bb104%|104%\u00bb]<\/p>\n<h3>02.<\/h3>\n<h4>Blinds, Mosquito Nets and Automation<\/h4>\n<p data-start=\"565\" data-end=\"998\">We manufacture, supply, and install custom-made blinds (PVC, aluminum, and Alicante-style) and mosquito nets, ideal for improving the insulation, comfort, and ventilation of your home or business. We also work with automation systems from leading brands such as Gaviota Simbac, Llaza, and Somfy, so you can operate your awning or blind with complete ease.<\/p>\n<p>[\/et_pb_text][\/et_pb_column][et_pb_column type=\u00bb1_3&#8243; _builder_version=\u00bb4.27.4&#8243; _module_preset=\u00bbdefault\u00bb global_colors_info=\u00bb{}\u00bb][et_pb_text _builder_version=\u00bb4.27.4&#8243; _module_preset=\u00bbdefault\u00bb text_font=\u00bbArimo||||||||\u00bb text_font_size=\u00bb16px\u00bb text_letter_spacing=\u00bb1px\u00bb header_2_font=\u00bbAbhaya Libre||||||||\u00bb header_3_font=\u00bbAbhaya Libre||||||||\u00bb header_3_font_size=\u00bb25px\u00bb header_4_font=\u00bbAbhaya Libre||||||||\u00bb header_4_font_size=\u00bb22px\u00bb background_color=\u00bbrgba(244,244,244,0.81)\u00bb min_height=\u00bb23em\u00bb height=\u00bb23em\u00bb max_height=\u00bb23em\u00bb custom_padding=\u00bb24px|24px|24px|24px|true|true\u00bb border_radii=\u00bbon|12px|12px|12px|12px\u00bb global_colors_info=\u00bb{}\u00bb transform_styles__hover_enabled=\u00bbon|hover\u00bb transform_scale__hover_enabled=\u00bbon|hover\u00bb transform_translate__hover_enabled=\u00bbon|desktop\u00bb transform_rotate__hover_enabled=\u00bbon|desktop\u00bb transform_skew__hover_enabled=\u00bbon|desktop\u00bb transform_origin__hover_enabled=\u00bbon|desktop\u00bb transform_scale__hover=\u00bb104%|104%\u00bb]<\/p>\n<h3>03.<\/h3>\n<h4>Pool Enclosures, Structures and Covers<\/h4>\n<p>We're not just awning specialists: we also design and install iron or aluminum structures for enclosures and pergolas, as well as pool covers, adapting each project to the needs of the space and the client. Our approach is comprehensive: aesthetics, functionality, and durability, with personalized attention and professional installation.<\/p>\n<p>[\/et_pb_text][\/et_pb_column][\/et_pb_row][\/et_pb_section][et_pb_section fb_built=\u00bb1&#8243; admin_label=\u00bbListings\u00bb _builder_version=\u00bb4.25.2&#8243; _module_preset=\u00bbdefault\u00bb locked=\u00bboff\u00bb global_colors_info=\u00bb{}\u00bb][et_pb_row _builder_version=\u00bb4.27.4&#8243; _module_preset=\u00bb83f2322c-0cb4-4a36-9118-af6534e3d939&#8243; width=\u00bb100%\u00bb max_width=\u00bb70%\u00bb global_colors_info=\u00bb{}\u00bb][et_pb_column type=\u00bb4_4&#8243; _builder_version=\u00bb4.25.2&#8243; _module_preset=\u00bbdefault\u00bb global_colors_info=\u00bb{}\u00bb][et_pb_heading title=\u00bbMorencoll\u00bb _builder_version=\u00bb4.27.4&#8243; _module_preset=\u00bbd8ada431-0839-4427-8dab-6f408600c56b\u00bb title_font=\u00bbAbhaya Libre|700||on|||||\u00bb title_text_color=\u00bbgcid-b70c6ec4-3d09-43b5-80df-154e6e990bf3&#8243; title_font_size=\u00bb20px\u00bb locked=\u00bboff\u00bb global_colors_info=\u00bb{%22gcid-b70c6ec4-3d09-43b5-80df-154e6e990bf3%22:%91%22title_text_color%22%93}\u00bb][\/et_pb_heading][et_pb_heading title=\u00bbToldos en Murcia\u00bb _builder_version=\u00bb4.27.4&#8243; _module_preset=\u00bb8deef147-0ff9-4278-aaed-ab7a8c6f2a98&#8243; title_font=\u00bbAbril Fatface||||||||\u00bb locked=\u00bboff\u00bb global_colors_info=\u00bb{}\u00bb][\/et_pb_heading][\/et_pb_column][\/et_pb_row][et_pb_row column_structure=\u00bb2_5,3_5&#8243; use_custom_gutter=\u00bbon\u00bb gutter_width=\u00bb2&#8243; _builder_version=\u00bb4.27.4&#8243; _module_preset=\u00bb83f2322c-0cb4-4a36-9118-af6534e3d939&#8243; width=\u00bb70%\u00bb max_width=\u00bb70%\u00bb locked=\u00bboff\u00bb global_colors_info=\u00bb{}\u00bb][et_pb_column type=\u00bb2_5&#8243; _builder_version=\u00bb4.25.2&#8243; _module_preset=\u00bbdefault\u00bb global_colors_info=\u00bb{}\u00bb][et_pb_image src=\u00bbhttps:\/\/morencoll.es\/wp-content\/uploads\/2025\/10\/foto-pagina-de-inicio-toldo-naranja-scaled.webp\u00bb alt=\u00bbFoto de un toldo de color naranja y blanco, con todo de filtro sepia\u00bb title_text=\u00bbfoto-pagina-de-inicio-toldo-naranja\u00bb _builder_version=\u00bb4.27.4&#8243; _module_preset=\u00bbdefault\u00bb global_colors_info=\u00bb{}\u00bb][\/et_pb_image][\/et_pb_column][et_pb_column type=\u00bb3_5&#8243; _builder_version=\u00bb4.27.4&#8243; _module_preset=\u00bbdefault\u00bb global_colors_info=\u00bb{}\u00bb][et_pb_text _builder_version=\u00bb4.27.4&#8243; _module_preset=\u00bbdefault\u00bb text_font=\u00bbArimo||||||||\u00bb text_font_size=\u00bb19px\u00bb text_letter_spacing=\u00bb1px\u00bb global_colors_info=\u00bb{}\u00bb][\/et_pb_text][et_pb_slider show_arrows=\u00bboff\u00bb show_pagination=\u00bboff\u00bb _builder_version=\u00bb4.27.4&#8243; _module_preset=\u00bbdefault\u00bb text_orientation=\u00bbleft\u00bb border_style_all_image=\u00bbnone\u00bb global_colors_info=\u00bb{}\u00bb][et_pb_slide _builder_version=\u00bb4.27.4&#8243; _module_preset=\u00bbdefault\u00bb body_font=\u00bbArimo||||||||\u00bb body_font_size=\u00bb17px\u00bb background_color=\u00bbRGBA(255,255,255,0)\u00bb background_enable_color=\u00bbon\u00bb background_layout=\u00bblight\u00bb global_colors_info=\u00bb{}\u00bb sticky_transition=\u00bbon\u00bb]<\/p>\n<p data-start=\"236\" data-end=\"620\">From our base in Murcia, at Morencoll we are a company <strong data-start=\"297\" data-end=\"309\">familiar<\/strong> with a solid track record in the awning, blind, and mosquito net sector, we have perfected every aspect of our work over the years\u2014from custom manufacturing to meticulous installation\u2014to offer our clients solutions that truly make a difference.<\/p>\n<p data-start=\"622\" data-end=\"997\">We are passionately dedicated to <strong data-start=\"649\" data-end=\"774\">Manufacture, install and repair awnings, blinds (PVC, aluminum and Alicante style), mosquito nets and pool covers<\/strong>We also offer custom-made iron or aluminum structures for enclosures, pergolas, and other outdoor areas. Every project we undertake is designed to protect, beautify, and add value to your home or business.<\/p>\n<p>[\/et_pb_slide][\/et_pb_slider][\/et_pb_column][\/et_pb_row][\/et_pb_section][et_pb_section fb_built=\u00bb1&#8243; admin_label=\u00bbServices\u00bb _builder_version=\u00bb4.25.2&#8243; _module_preset=\u00bbdefault\u00bb background_color=\u00bbgcid-b6c4f12c-f25d-4f61-9fb1-6e96404634cd\u00bb locked=\u00bboff\u00bb global_colors_info=\u00bb{%22gcid-b6c4f12c-f25d-4f61-9fb1-6e96404634cd%22:%91%22background_color%22%93}\u00bb][et_pb_row _builder_version=\u00bb4.27.4&#8243; _module_preset=\u00bbdefault\u00bb global_colors_info=\u00bb{}\u00bb][et_pb_column type=\u00bb4_4&#8243; _builder_version=\u00bb4.27.4&#8243; _module_preset=\u00bbdefault\u00bb global_colors_info=\u00bb{}\u00bb][et_pb_heading title=\u00bb\u00bfNecesitas un presupuesto?\u00bb _builder_version=\u00bb4.27.4&#8243; _module_preset=\u00bb8deef147-0ff9-4278-aaed-ab7a8c6f2a98&#8243; title_font=\u00bbAbril Fatface||||||||\u00bb locked=\u00bboff\u00bb global_colors_info=\u00bb{}\u00bb][\/et_pb_heading][dvppl_cf7_styler _builder_version=\u00bb4.27.4&#8243; _module_preset=\u00bbdefault\u00bb cf7=\u00bb161&#8243; custom_submit_button=\u00bbon\u00bb submit_button_text_size=\u00bb26px\u00bb submit_button_bg_color=\u00bb#01a658&#8243; submit_button_bg_enable_color=\u00bbon\u00bb submit_button_border_width=\u00bb0px\u00bb submit_button_font=\u00bbAbhaya Libre||||||||\u00bb submit_button_border_radius=\u00bb37px\u00bb button_alignment=\u00bbright\u00bb border_color_all_field=\u00bbRGBA(255,255,255,0)\u00bb border_width_bottom_field=\u00bb1px\u00bb border_color_bottom_field=\u00bb#000000&#8243; hover_enabled=\u00bb0&#8243; sticky_enabled=\u00bb0&#8243;][\/dvppl_cf7_styler][\/et_pb_column][\/et_pb_row][\/et_pb_section]<\/p>","protected":false},"excerpt":{"rendered":"<p>01. Fabricaci\u00f3n &amp; Instalaci\u00f3n de Toldos a Medida Desde la fabricaci\u00f3n hasta la instalaci\u00f3n, ofrecemos soluciones de toldos totalmente adaptadas a tu terraza, balc\u00f3n, patio o negocio. Utilizamos lonas de alta calidad de proveedores como Citel, Recasens o Copentek, disponibles en una gran variedad de colores y estilos. Tu toldo no s\u00f3lo protege del sol [&hellip;]<\/p>","protected":false},"author":1,"featured_media":0,"parent":0,"menu_order":0,"comment_status":"closed","ping_status":"closed","template":"","meta":{"_et_pb_use_builder":"on","_et_pb_old_content":"","_et_gb_content_width":"","footnotes":""},"class_list":["post-9","page","type-page","status-publish","hentry"],"yoast_head":"<!-- This site is optimized with the Yoast SEO plugin v26.2 - https:\/\/yoast.com\/wordpress\/plugins\/seo\/ -->\n<title>Inicio - Morencoll<\/title>\n<meta name=\"robots\" content=\"index, follow, max-snippet:-1, max-image-preview:large, max-video-preview:-1\" \/>\n<link rel=\"canonical\" href=\"https:\/\/morencoll.es\/en\/\" \/>\n<meta property=\"og:locale\" content=\"en_US\" \/>\n<meta property=\"og:type\" content=\"article\" \/>\n<meta property=\"og:title\" content=\"Inicio - Morencoll\" \/>\n<meta property=\"og:description\" content=\"01. Fabricaci\u00f3n &amp; Instalaci\u00f3n de Toldos a Medida Desde la fabricaci\u00f3n hasta la instalaci\u00f3n, ofrecemos soluciones de toldos totalmente adaptadas a tu terraza, balc\u00f3n, patio o negocio. Utilizamos lonas de alta calidad de proveedores como Citel, Recasens o Copentek, disponibles en una gran variedad de colores y estilos. Tu toldo no s\u00f3lo protege del sol [&hellip;]\" \/>\n<meta property=\"og:url\" content=\"https:\/\/morencoll.es\/en\/\" \/>\n<meta property=\"og:site_name\" content=\"Morencoll\" \/>\n<meta property=\"article:modified_time\" content=\"2025-11-03T16:37:19+00:00\" \/>\n<meta name=\"twitter:card\" content=\"summary_large_image\" \/>\n<meta name=\"twitter:label1\" content=\"Est. reading time\" \/>\n\t<meta name=\"twitter:data1\" content=\"8 minutes\" \/>\n<script type=\"application\/ld+json\" class=\"yoast-schema-graph\">{\"@context\":\"https:\/\/schema.org\",\"@graph\":[{\"@type\":\"WebPage\",\"@id\":\"https:\/\/morencoll.es\/\",\"url\":\"https:\/\/morencoll.es\/\",\"name\":\"Inicio - Morencoll\",\"isPartOf\":{\"@id\":\"https:\/\/morencoll.es\/#website\"},\"datePublished\":\"2025-10-20T15:04:59+00:00\",\"dateModified\":\"2025-11-03T16:37:19+00:00\",\"breadcrumb\":{\"@id\":\"https:\/\/morencoll.es\/#breadcrumb\"},\"inLanguage\":\"en-US\",\"potentialAction\":[{\"@type\":\"ReadAction\",\"target\":[\"https:\/\/morencoll.es\/\"]}]},{\"@type\":\"BreadcrumbList\",\"@id\":\"https:\/\/morencoll.es\/#breadcrumb\",\"itemListElement\":[{\"@type\":\"ListItem\",\"position\":1,\"name\":\"Portada\",\"item\":\"https:\/\/morencoll.es\/\"},{\"@type\":\"ListItem\",\"position\":2,\"name\":\"Inicio\"}]},{\"@type\":\"WebSite\",\"@id\":\"https:\/\/morencoll.es\/#website\",\"url\":\"https:\/\/morencoll.es\/\",\"name\":\"Morencoll\",\"description\":\"Toldos y persianas\",\"potentialAction\":[{\"@type\":\"SearchAction\",\"target\":{\"@type\":\"EntryPoint\",\"urlTemplate\":\"https:\/\/morencoll.es\/?s={search_term_string}\"},\"query-input\":{\"@type\":\"PropertyValueSpecification\",\"valueRequired\":true,\"valueName\":\"search_term_string\"}}],\"inLanguage\":\"en-US\"}]}<\/script>\n<!-- \/ Yoast SEO plugin. -->","yoast_head_json":{"title":"Inicio - Morencoll","robots":{"index":"index","follow":"follow","max-snippet":"max-snippet:-1","max-image-preview":"max-image-preview:large","max-video-preview":"max-video-preview:-1"},"canonical":"https:\/\/morencoll.es\/en\/","og_locale":"en_US","og_type":"article","og_title":"Inicio - Morencoll","og_description":"01. Fabricaci\u00f3n &amp; Instalaci\u00f3n de Toldos a Medida Desde la fabricaci\u00f3n hasta la instalaci\u00f3n, ofrecemos soluciones de toldos totalmente adaptadas a tu terraza, balc\u00f3n, patio o negocio. Utilizamos lonas de alta calidad de proveedores como Citel, Recasens o Copentek, disponibles en una gran variedad de colores y estilos. Tu toldo no s\u00f3lo protege del sol [&hellip;]","og_url":"https:\/\/morencoll.es\/en\/","og_site_name":"Morencoll","article_modified_time":"2025-11-03T16:37:19+00:00","twitter_card":"summary_large_image","twitter_misc":{"Est. reading time":"8 minutes"},"schema":{"@context":"https:\/\/schema.org","@graph":[{"@type":"WebPage","@id":"https:\/\/morencoll.es\/","url":"https:\/\/morencoll.es\/","name":"Inicio - Morencoll","isPartOf":{"@id":"https:\/\/morencoll.es\/#website"},"datePublished":"2025-10-20T15:04:59+00:00","dateModified":"2025-11-03T16:37:19+00:00","breadcrumb":{"@id":"https:\/\/morencoll.es\/#breadcrumb"},"inLanguage":"en-US","potentialAction":[{"@type":"ReadAction","target":["https:\/\/morencoll.es\/"]}]},{"@type":"BreadcrumbList","@id":"https:\/\/morencoll.es\/#breadcrumb","itemListElement":[{"@type":"ListItem","position":1,"name":"Portada","item":"https:\/\/morencoll.es\/"},{"@type":"ListItem","position":2,"name":"Inicio"}]},{"@type":"WebSite","@id":"https:\/\/morencoll.es\/#website","url":"https:\/\/morencoll.es\/","name":"Morencoll","description":"Toldos y persianas","potentialAction":[{"@type":"SearchAction","target":{"@type":"EntryPoint","urlTemplate":"https:\/\/morencoll.es\/?s={search_term_string}"},"query-input":{"@type":"PropertyValueSpecification","valueRequired":true,"valueName":"search_term_string"}}],"inLanguage":"en-US"}]}},"_links":{"self":[{"href":"https:\/\/morencoll.es\/en\/wp-json\/wp\/v2\/pages\/9","targetHints":{"allow":["GET"]}}],"collection":[{"href":"https:\/\/morencoll.es\/en\/wp-json\/wp\/v2\/pages"}],"about":[{"href":"https:\/\/morencoll.es\/en\/wp-json\/wp\/v2\/types\/page"}],"author":[{"embeddable":true,"href":"https:\/\/morencoll.es\/en\/wp-json\/wp\/v2\/users\/1"}],"replies":[{"embeddable":true,"href":"https:\/\/morencoll.es\/en\/wp-json\/wp\/v2\/comments?post=9"}],"version-history":[{"count":27,"href":"https:\/\/morencoll.es\/en\/wp-json\/wp\/v2\/pages\/9\/revisions"}],"predecessor-version":[{"id":163,"href":"https:\/\/morencoll.es\/en\/wp-json\/wp\/v2\/pages\/9\/revisions\/163"}],"wp:attachment":[{"href":"https:\/\/morencoll.es\/en\/wp-json\/wp\/v2\/media?parent=9"}],"curies":[{"name":"wp","href":"https:\/\/api.w.org\/{rel}","templated":true}]}}