{"id":102,"date":"2025-10-30T15:03:55","date_gmt":"2025-10-30T15:03:55","guid":{"rendered":"https:\/\/morencoll.es\/?page_id=102"},"modified":"2025-10-30T15:03:55","modified_gmt":"2025-10-30T15:03:55","slug":"aviso-legal","status":"publish","type":"page","link":"https:\/\/morencoll.es\/en\/aviso-legal\/","title":{"rendered":"Aviso Legal"},"content":{"rendered":"<p>[et_pb_section fb_built=\u00bb1&#8243; _builder_version=\u00bb4.27.4&#8243; _module_preset=\u00bbdefault\u00bb background_color=\u00bb#FFFFFF\u00bb global_colors_info=\u00bb{}\u00bb theme_builder_area=\u00bbpost_content\u00bb][et_pb_row _builder_version=\u00bb4.23.1&#8243; _module_preset=\u00bbdefault\u00bb global_colors_info=\u00bb{}\u00bb theme_builder_area=\u00bbpost_content\u00bb][et_pb_column type=\u00bb4_4&#8243; _builder_version=\u00bb4.23.1&#8243; _module_preset=\u00bbdefault\u00bb global_colors_info=\u00bb{}\u00bb theme_builder_area=\u00bbpost_content\u00bb][et_pb_text _builder_version=\u00bb4.27.4&#8243; _module_preset=\u00bbdefault\u00bb text_font=\u00bbAbhaya Libre||||||||\u00bb header_text_align=\u00bbcenter\u00bb header_text_color=\u00bb#000000&#8243; header_font_size=\u00bb2.5em\u00bb hover_enabled=\u00bb0&#8243; global_colors_info=\u00bb{}\u00bb theme_builder_area=\u00bbpost_content\u00bb sticky_enabled=\u00bb0&#8243;]<\/p>\n<h1><strong>AVISO LEGAL<\/strong><\/h1>\n<p>[\/et_pb_text][\/et_pb_column][\/et_pb_row][\/et_pb_section][et_pb_section fb_built=\u00bb1&#8243; _builder_version=\u00bb4.23.1&#8243; _module_preset=\u00bbdefault\u00bb global_colors_info=\u00bb{}\u00bb theme_builder_area=\u00bbpost_content\u00bb][et_pb_row _builder_version=\u00bb4.22.2&#8243; _module_preset=\u00bbdefault\u00bb global_colors_info=\u00bb{}\u00bb theme_builder_area=\u00bbpost_content\u00bb][et_pb_column type=\u00bb4_4&#8243; _builder_version=\u00bb4.22.2&#8243; _module_preset=\u00bbdefault\u00bb global_colors_info=\u00bb{}\u00bb theme_builder_area=\u00bbpost_content\u00bb][et_pb_text _builder_version=\u00bb4.27.4&#8243; _module_preset=\u00bbdefault\u00bb text_font_size=\u00bb17px\u00bb hover_enabled=\u00bb0&#8243; global_colors_info=\u00bb{}\u00bb theme_builder_area=\u00bbpost_content\u00bb sticky_enabled=\u00bb0&#8243;]<\/p>\n<div id=\"contenido\">\n<h1>Aviso Legal y Pol\u00edtica de Privacidad<\/h1>\n<h2>1. Informaci\u00f3n general<\/h2>\n<p>En cumplimiento con el deber de informaci\u00f3n recogido en el art\u00edculo 10 de la Ley 34\/2002 (LSSI-CE), se informa que el presente sitio web es titularidad de:<\/p>\n<ul>\n<li><strong>Titular:<\/strong> <span id=\"titular-display\">Santiago Manzanares Rufete<\/span><\/li>\n<li><strong>NIF\/CIF:<\/strong> <span id=\"nif-display\">27462421F<\/span><\/li>\n<li><strong>Domicilio social:<\/strong> <span id=\"domicilioSocial-display\">Calle Jos\u00e9 Paredes, 3 Murcia 30150<\/span><\/li>\n<li><strong>Email:<\/strong> <span id=\"email-display\">persianasytoldosmorencoll@hotmail.com<\/span><\/li>\n<li><strong>Tel\u00e9fono:<\/strong> <span id=\"tel-display\">968 840 434<\/span><\/li>\n<\/ul>\n<h2>2. Objeto<\/h2>\n<p>Este sitio web tiene como finalidad ofrecer informaci\u00f3n sobre los productos y\/o servicios de la empresa titular.<\/p>\n<h2>3. Condiciones de uso<\/h2>\n<p>El acceso y uso de este sitio web atribuye la condici\u00f3n de USUARIO, que acepta las condiciones aqu\u00ed reflejadas.<\/p>\n<h2>4. Propiedad intelectual e industrial<\/h2>\n<p>Todos los contenidos del sitio (textos, im\u00e1genes, logotipos, dise\u00f1o, etc.) est\u00e1n protegidos por derechos de propiedad intelectual e industrial, y pertenecen al titular o a terceros autorizados.<\/p>\n<h2>5. Responsabilidad<\/h2>\n<p>El titular no se hace responsable del mal uso del contenido del sitio web, ni de los da\u00f1os derivados de accesos o errores t\u00e9cnicos.<\/p>\n<h2>6. Enlaces a terceros<\/h2>\n<p>El titular no controla ni se responsabiliza del contenido de sitios enlazados externos.<\/p>\n<h2>7. Pol\u00edtica de privacidad y protecci\u00f3n de datos<\/h2>\n<p>De conformidad con el RGPD y la LOPDGDD, se informa al USUARIO de los siguientes aspectos:<\/p>\n<h3>7.1 Responsable del tratamiento<\/h3>\n<ul>\n<li><strong>Responsable:<\/strong> <span id=\"titular-display\">Santiago Manzanares Rufete<\/span><\/li>\n<li><strong>Contacto:<\/strong> <span id=\"email-display\">persianasytoldosmorencoll@hotmail.com<\/span><\/li>\n<\/ul>\n<h3>7.2 Finalidad del tratamiento<\/h3>\n<p>Los datos personales recogidos a trav\u00e9s del sitio web ser\u00e1n utilizados con la \u00fanica finalidad de atender solicitudes de informaci\u00f3n, contacto o gesti\u00f3n de servicios contratados.<\/p>\n<h3>7.3 Conservaci\u00f3n de los datos<\/h3>\n<p>Los datos se conservar\u00e1n durante el tiempo necesario para cumplir la finalidad para la que fueron recabados o seg\u00fan obligaci\u00f3n legal.<\/p>\n<h3>7.4 Legitimaci\u00f3n<\/h3>\n<p>La base legal para el tratamiento de datos es el consentimiento del interesado o la ejecuci\u00f3n de un contrato.<\/p>\n<h3>7.5 Destinatarios<\/h3>\n<p>No se ceder\u00e1n datos a terceros salvo obligaci\u00f3n legal o prestaci\u00f3n de servicios bajo contrato.<\/p>\n<h3>7.6 Derechos del usuario<\/h3>\n<p>El usuario puede ejercer sus derechos de acceso, rectificaci\u00f3n, supresi\u00f3n, limitaci\u00f3n, portabilidad y oposici\u00f3n mediante comunicaci\u00f3n escrita a <span id=\"email-display\">[Correo electr\u00f3nico]<\/span>.<\/p>\n<h3>7.7 Cookies<\/h3>\n<p>El sitio puede usar cookies. Puedes consultar m\u00e1s informaci\u00f3n en nuestra <a href=\"\/en\/politica-de-cookies\/\">Pol\u00edtica de Cookies<\/a>.<\/p>\n<h2>8. Legislaci\u00f3n aplicable y jurisdicci\u00f3n<\/h2>\n<p>Este sitio se rige por la legislaci\u00f3n espa\u00f1ola. En caso de disputa, las partes se someter\u00e1n a los juzgados y tribunales de <strong><span id=\"ciudad-display\">Murcia <\/span><\/strong>, salvo que la ley establezca otra cosa.<\/p>\n<p>Las controversias se regir\u00e1n por la normativa espa\u00f1ola vigente. Fecha de revisi\u00f3n: <span class=\"fecha-display\">30\/10\/2025<\/span>.<\/p>\n<\/p><\/div>\n<p>[\/et_pb_text][\/et_pb_column][\/et_pb_row][\/et_pb_section]<\/p>","protected":false},"excerpt":{"rendered":"<p>AVISO LEGAL Aviso Legal y Pol\u00edtica de Privacidad 1. Informaci\u00f3n general En cumplimiento con el deber de informaci\u00f3n recogido en el art\u00edculo 10 de la Ley 34\/2002 (LSSI-CE), se informa que el presente sitio web es titularidad de: Titular: Santiago Manzanares Rufete NIF\/CIF: 27462421F Domicilio social: Calle Jos\u00e9 Paredes, 3 Murcia 30150 Email: persianasytoldosmorencoll@hotmail.com Tel\u00e9fono: [&hellip;]<\/p>","protected":false},"author":1,"featured_media":0,"parent":0,"menu_order":0,"comment_status":"closed","ping_status":"closed","template":"","meta":{"_et_pb_use_builder":"on","_et_pb_old_content":"","_et_gb_content_width":"","footnotes":""},"class_list":["post-102","page","type-page","status-publish","hentry"],"yoast_head":"<!-- This site is optimized with the Yoast SEO plugin v26.2 - https:\/\/yoast.com\/wordpress\/plugins\/seo\/ -->\n<title>Aviso Legal - Morencoll<\/title>\n<meta name=\"robots\" content=\"index, follow, max-snippet:-1, max-image-preview:large, max-video-preview:-1\" \/>\n<link rel=\"canonical\" href=\"https:\/\/morencoll.es\/en\/aviso-legal\/\" \/>\n<meta property=\"og:locale\" content=\"en_US\" \/>\n<meta property=\"og:type\" content=\"article\" \/>\n<meta property=\"og:title\" content=\"Aviso Legal - Morencoll\" \/>\n<meta property=\"og:description\" content=\"AVISO LEGAL Aviso Legal y Pol\u00edtica de Privacidad 1. Informaci\u00f3n general En cumplimiento con el deber de informaci\u00f3n recogido en el art\u00edculo 10 de la Ley 34\/2002 (LSSI-CE), se informa que el presente sitio web es titularidad de: Titular: Santiago Manzanares Rufete NIF\/CIF: 27462421F Domicilio social: Calle Jos\u00e9 Paredes, 3 Murcia 30150 Email: persianasytoldosmorencoll@hotmail.com Tel\u00e9fono: [&hellip;]\" \/>\n<meta property=\"og:url\" content=\"https:\/\/morencoll.es\/en\/aviso-legal\/\" \/>\n<meta property=\"og:site_name\" content=\"Morencoll\" \/>\n<meta name=\"twitter:card\" content=\"summary_large_image\" \/>\n<script type=\"application\/ld+json\" class=\"yoast-schema-graph\">{\"@context\":\"https:\/\/schema.org\",\"@graph\":[{\"@type\":\"WebPage\",\"@id\":\"https:\/\/morencoll.es\/aviso-legal\/\",\"url\":\"https:\/\/morencoll.es\/aviso-legal\/\",\"name\":\"Aviso Legal - Morencoll\",\"isPartOf\":{\"@id\":\"https:\/\/morencoll.es\/#website\"},\"datePublished\":\"2025-10-30T15:03:55+00:00\",\"breadcrumb\":{\"@id\":\"https:\/\/morencoll.es\/aviso-legal\/#breadcrumb\"},\"inLanguage\":\"en-US\",\"potentialAction\":[{\"@type\":\"ReadAction\",\"target\":[\"https:\/\/morencoll.es\/aviso-legal\/\"]}]},{\"@type\":\"BreadcrumbList\",\"@id\":\"https:\/\/morencoll.es\/aviso-legal\/#breadcrumb\",\"itemListElement\":[{\"@type\":\"ListItem\",\"position\":1,\"name\":\"Portada\",\"item\":\"https:\/\/morencoll.es\/\"},{\"@type\":\"ListItem\",\"position\":2,\"name\":\"Aviso Legal\"}]},{\"@type\":\"WebSite\",\"@id\":\"https:\/\/morencoll.es\/#website\",\"url\":\"https:\/\/morencoll.es\/\",\"name\":\"Morencoll\",\"description\":\"Toldos y persianas\",\"potentialAction\":[{\"@type\":\"SearchAction\",\"target\":{\"@type\":\"EntryPoint\",\"urlTemplate\":\"https:\/\/morencoll.es\/?s={search_term_string}\"},\"query-input\":{\"@type\":\"PropertyValueSpecification\",\"valueRequired\":true,\"valueName\":\"search_term_string\"}}],\"inLanguage\":\"en-US\"}]}<\/script>\n<!-- \/ Yoast SEO plugin. -->","yoast_head_json":{"title":"Aviso Legal - Morencoll","robots":{"index":"index","follow":"follow","max-snippet":"max-snippet:-1","max-image-preview":"max-image-preview:large","max-video-preview":"max-video-preview:-1"},"canonical":"https:\/\/morencoll.es\/en\/aviso-legal\/","og_locale":"en_US","og_type":"article","og_title":"Aviso Legal - Morencoll","og_description":"AVISO LEGAL Aviso Legal y Pol\u00edtica de Privacidad 1. Informaci\u00f3n general En cumplimiento con el deber de informaci\u00f3n recogido en el art\u00edculo 10 de la Ley 34\/2002 (LSSI-CE), se informa que el presente sitio web es titularidad de: Titular: Santiago Manzanares Rufete NIF\/CIF: 27462421F Domicilio social: Calle Jos\u00e9 Paredes, 3 Murcia 30150 Email: persianasytoldosmorencoll@hotmail.com Tel\u00e9fono: [&hellip;]","og_url":"https:\/\/morencoll.es\/en\/aviso-legal\/","og_site_name":"Morencoll","twitter_card":"summary_large_image","schema":{"@context":"https:\/\/schema.org","@graph":[{"@type":"WebPage","@id":"https:\/\/morencoll.es\/aviso-legal\/","url":"https:\/\/morencoll.es\/aviso-legal\/","name":"Aviso Legal - Morencoll","isPartOf":{"@id":"https:\/\/morencoll.es\/#website"},"datePublished":"2025-10-30T15:03:55+00:00","breadcrumb":{"@id":"https:\/\/morencoll.es\/aviso-legal\/#breadcrumb"},"inLanguage":"en-US","potentialAction":[{"@type":"ReadAction","target":["https:\/\/morencoll.es\/aviso-legal\/"]}]},{"@type":"BreadcrumbList","@id":"https:\/\/morencoll.es\/aviso-legal\/#breadcrumb","itemListElement":[{"@type":"ListItem","position":1,"name":"Portada","item":"https:\/\/morencoll.es\/"},{"@type":"ListItem","position":2,"name":"Aviso Legal"}]},{"@type":"WebSite","@id":"https:\/\/morencoll.es\/#website","url":"https:\/\/morencoll.es\/","name":"Morencoll","description":"Toldos y persianas","potentialAction":[{"@type":"SearchAction","target":{"@type":"EntryPoint","urlTemplate":"https:\/\/morencoll.es\/?s={search_term_string}"},"query-input":{"@type":"PropertyValueSpecification","valueRequired":true,"valueName":"search_term_string"}}],"inLanguage":"en-US"}]}},"_links":{"self":[{"href":"https:\/\/morencoll.es\/en\/wp-json\/wp\/v2\/pages\/102","targetHints":{"allow":["GET"]}}],"collection":[{"href":"https:\/\/morencoll.es\/en\/wp-json\/wp\/v2\/pages"}],"about":[{"href":"https:\/\/morencoll.es\/en\/wp-json\/wp\/v2\/types\/page"}],"author":[{"embeddable":true,"href":"https:\/\/morencoll.es\/en\/wp-json\/wp\/v2\/users\/1"}],"replies":[{"embeddable":true,"href":"https:\/\/morencoll.es\/en\/wp-json\/wp\/v2\/comments?post=102"}],"version-history":[{"count":2,"href":"https:\/\/morencoll.es\/en\/wp-json\/wp\/v2\/pages\/102\/revisions"}],"predecessor-version":[{"id":104,"href":"https:\/\/morencoll.es\/en\/wp-json\/wp\/v2\/pages\/102\/revisions\/104"}],"wp:attachment":[{"href":"https:\/\/morencoll.es\/en\/wp-json\/wp\/v2\/media?parent=102"}],"curies":[{"name":"wp","href":"https:\/\/api.w.org\/{rel}","templated":true}]}}